{"id":2827,"date":"2024-09-15T21:53:52","date_gmt":"2024-09-15T19:53:52","guid":{"rendered":"https:\/\/www.musiques-en-haut.fr\/?page_id=2827"},"modified":"2025-12-20T15:56:12","modified_gmt":"2025-12-20T14:56:12","slug":"edito-automne-2025","status":"publish","type":"page","link":"https:\/\/www.musiques-en-haut.fr\/","title":{"rendered":"\u00c9dito (d\u00e9cembre 2026)"},"content":{"rendered":"<h1>Musiques en Haut 2026&#8230;<\/h1>\n<p data-start=\"133\" data-end=\"407\"><strong data-start=\"133\" data-end=\"193\">La 29e \u00e9dition du festival est en pleine effervescence !<\/strong><br data-start=\"193\" data-end=\"196\" \/>Du <strong data-start=\"201\" data-end=\"226\">11 au 18 juillet 2026<\/strong>, le festival vous invite \u00e0 une immersion sensible et inspir\u00e9e, port\u00e9e par une programmation d\u2019exception \u2014 bient\u00f4t d\u00e9voil\u00e9e \u2014 plac\u00e9e sous le signe des <strong data-start=\"377\" data-end=\"404\" data-is-only-node=\"\">animaux et de la nature<\/strong>.<\/p>\n<p data-start=\"414\" data-end=\"551\">Le <strong data-start=\"417\" data-end=\"439\">Ch\u0153ur participatif<\/strong> ouvre d\u00e9j\u00e0 ses portes : le formulaire d\u2019inscription est disponible en ligne (menu <em data-start=\"522\" data-end=\"547\">Musiques en Haut ! 2026<\/em>).<\/p>\n<p data-start=\"558\" data-end=\"759\">En pr\u00e9lude au festival, un <strong data-start=\"585\" data-end=\"615\">stage de musique m\u00e9di\u00e9vale<\/strong> r\u00e9unissant chanteurs et instrumentistes se tiendra \u00e0 <strong data-start=\"669\" data-end=\"700\">Pr\u00e9manon du 9 au 12 juillet<\/strong>. Les inscriptions ouvriront <strong data-start=\"729\" data-end=\"756\">avant la fin de l\u2019ann\u00e9e<\/strong>.<\/p>\n<p data-start=\"558\" data-end=\"759\">Que l\u2019on tende l\u2019oreille\u2026<\/p>\n","protected":false},"excerpt":{"rendered":"<p>Musiques en Haut 2026&#8230; La 29e \u00e9dition du festival est en pleine effervescence !Du 11 au 18 juillet 2026, le festival vous invite \u00e0 une immersion sensible et inspir\u00e9e, port\u00e9e par une programmation d\u2019exception \u2014 bient\u00f4t d\u00e9voil\u00e9e \u2014 plac\u00e9e sous<\/p>\n","protected":false},"author":1,"featured_media":0,"parent":0,"menu_order":0,"comment_status":"closed","ping_status":"closed","template":"","meta":{"footnotes":""},"class_list":["post-2827","page","type-page","status-publish","hentry"],"jetpack_sharing_enabled":true,"_links":{"self":[{"href":"https:\/\/www.musiques-en-haut.fr\/index.php?rest_route=\/wp\/v2\/pages\/2827","targetHints":{"allow":["GET"]}}],"collection":[{"href":"https:\/\/www.musiques-en-haut.fr\/index.php?rest_route=\/wp\/v2\/pages"}],"about":[{"href":"https:\/\/www.musiques-en-haut.fr\/index.php?rest_route=\/wp\/v2\/types\/page"}],"author":[{"embeddable":true,"href":"https:\/\/www.musiques-en-haut.fr\/index.php?rest_route=\/wp\/v2\/users\/1"}],"replies":[{"embeddable":true,"href":"https:\/\/www.musiques-en-haut.fr\/index.php?rest_route=%2Fwp%2Fv2%2Fcomments&post=2827"}],"version-history":[{"count":10,"href":"https:\/\/www.musiques-en-haut.fr\/index.php?rest_route=\/wp\/v2\/pages\/2827\/revisions"}],"predecessor-version":[{"id":3026,"href":"https:\/\/www.musiques-en-haut.fr\/index.php?rest_route=\/wp\/v2\/pages\/2827\/revisions\/3026"}],"wp:attachment":[{"href":"https:\/\/www.musiques-en-haut.fr\/index.php?rest_route=%2Fwp%2Fv2%2Fmedia&parent=2827"}],"curies":[{"name":"wp","href":"https:\/\/api.w.org\/{rel}","templated":true}]}}