{"id":2683,"date":"2023-07-25T10:39:02","date_gmt":"2023-07-25T08:39:02","guid":{"rendered":"https:\/\/www.musiques-en-haut.fr\/?page_id=2683"},"modified":"2023-07-25T10:39:02","modified_gmt":"2023-07-25T08:39:02","slug":"participation-libre-et-consciente-dons","status":"publish","type":"page","link":"https:\/\/www.musiques-en-haut.fr\/?page_id=2683","title":{"rendered":"Participation libre et consciente \/ Dons"},"content":{"rendered":"<blockquote>\n<div dir=\"ltr\">\n<p>Pour certains concerts nous vous proposons d&rsquo;accompagner le festival <em><strong>Musiques en Haut !<\/strong><\/em> sous la forme d&rsquo;une <strong>participation libre et consciente<\/strong>.<\/p>\n<p><strong>De quoi s&rsquo;agit-il\u00a0?<\/strong><\/p>\n<p>\u2022\u00a0\u00c0 l&rsquo;issue des concerts,\u00a0vous pourrez, en toute conscience, estimer la somme que vous souhaiteriez donner pour ce que vous aurez v\u00e9cu.<span class=\"im\"><br \/>\n\u2022 Aucun montant n\u2019est fix\u00e9 ni propos\u00e9. Si votre participation financi\u00e8re est obligatoire, elle peut \u00eatre acquitt\u00e9e sous plusieurs formes distinctes\u00a0:\u00a0<\/span><\/p>\n<p>&#8211; monnaie sonnante et tr\u00e9buchante,<\/p>\n<p>&#8211; troc,<\/p>\n<p>&#8211; disponibilit\u00e9 (vous offrez de votre temps aux organisateurs)<\/p>\n<p>&#8211; monnaie de comp\u00e9tence (vous nous offrez un service professionnel utile \u00e0 l&rsquo;organisation du festival).<\/p>\n<p>Il est \u00e9videmment possible de combiner ces formes.<\/p>\n<p><strong>Pour entrer encore plus dans le d\u00e9tail\u00a0:<\/strong><br \/>\n\u2022 Remise \u00e0 la fin du concert, votre participation financi\u00e8re, quelle\u00a0qu&rsquo;en soit la forme, ne r\u00e9clame aucune justification. Nominative, elle est aussi confidentielle.<\/p>\n<p>\u2022 Pour information, en 2022, la moyenne de participation s&rsquo;est \u00e9lev\u00e9e \u00e0 <strong>environ 9-10 \u20ac par concert et par personne<\/strong>.<\/p>\n<p>\u2022 Pour que votre participation puisse \u00eatre r\u00e9ellement consciente, nous vous proposons un temps d\u2019explication et de partage au d\u00e9but mais \u00e9galement \u00e0 la fin de concert.<\/p>\n<p><strong>Comment d\u00e9terminer votre participation ?<\/strong><br \/>\nPlusieurs \u00e9l\u00e9ments sont \u00e0 prendre en compte :<br \/>\n* La valeur estim\u00e9e de ce que vous avez re\u00e7u\u00a0; \u00e0 savoir la qualit\u00e9 du concert\u00a0; mais aussi les moyens engag\u00e9s quant \u00e0 sa r\u00e9alisation.<br \/>\n* Votre connaissance des prix pratiqu\u00e9s sur le march\u00e9,<br \/>\n* L&rsquo;id\u00e9e que vous vous faites de ce qui est juste.<br \/>\n* La fa\u00e7on dont vous voulez contribuer \u00e0 la p\u00e9rennit\u00e9 du festival.<\/p>\n<p><strong>Pourquoi adopter cette forme de participation ?<\/strong><\/p>\n<p>La participation libre et consciente ouvre une voie de questionnement dans notre rapport \u00e0 l\u2019argent et notre fa\u00e7on d\u2019\u00e9changer nos richesses, de d\u00e9terminer nos priorit\u00e9s. Elle permet \u00e0 des personnes disposant de faibles revenus de soutenir le festival \u00e0 la hauteur de la qualit\u00e9 des concerts sans mise en danger de l&rsquo;\u00e9quilibre budg\u00e9taire de leurs foyers. Ainsi se cr\u00e9e un \u00e9quilibre. Les richesses sont \u00e9quitablement partag\u00e9es et circulent sous diff\u00e9rentes formes.<\/p>\n<p><a class=\"shop_frame\" title=\"Participation libre et consciente-Dons\" href=\"https:\/\/www.billetweb.fr\/shop.php?event=dons-au-festival-meh-2023\" target=\"_blank\" rel=\"noopener\" data-src=\"https:\/\/www.billetweb.fr\/shop.php?event=dons-au-festival-meh-2023\" data-max-width=\"100%\" data-initial-height=\"600\" data-scrolling=\"no\" data-id=\"dons-au-festival-meh-2023\" data-resize=\"1\">Vente de billets en ligne<\/a><script type=\"text\/javascript\" src=\"https:\/\/www.billetweb.fr\/js\/export.js\"><\/script><\/p>\n<\/div>\n<\/blockquote>\n","protected":false},"excerpt":{"rendered":"<p>Pour certains concerts nous vous proposons d&rsquo;accompagner le festival Musiques en Haut ! sous la forme d&rsquo;une participation libre et consciente. De quoi s&rsquo;agit-il\u00a0? \u2022\u00a0\u00c0 l&rsquo;issue des concerts,\u00a0vous pourrez, en toute conscience, estimer la somme que vous souhaiteriez donner pour<\/p>\n","protected":false},"author":1,"featured_media":0,"parent":0,"menu_order":0,"comment_status":"closed","ping_status":"closed","template":"","meta":{"footnotes":""},"class_list":["post-2683","page","type-page","status-publish","hentry"],"jetpack_sharing_enabled":true,"_links":{"self":[{"href":"https:\/\/www.musiques-en-haut.fr\/index.php?rest_route=\/wp\/v2\/pages\/2683","targetHints":{"allow":["GET"]}}],"collection":[{"href":"https:\/\/www.musiques-en-haut.fr\/index.php?rest_route=\/wp\/v2\/pages"}],"about":[{"href":"https:\/\/www.musiques-en-haut.fr\/index.php?rest_route=\/wp\/v2\/types\/page"}],"author":[{"embeddable":true,"href":"https:\/\/www.musiques-en-haut.fr\/index.php?rest_route=\/wp\/v2\/users\/1"}],"replies":[{"embeddable":true,"href":"https:\/\/www.musiques-en-haut.fr\/index.php?rest_route=%2Fwp%2Fv2%2Fcomments&post=2683"}],"version-history":[{"count":1,"href":"https:\/\/www.musiques-en-haut.fr\/index.php?rest_route=\/wp\/v2\/pages\/2683\/revisions"}],"predecessor-version":[{"id":2684,"href":"https:\/\/www.musiques-en-haut.fr\/index.php?rest_route=\/wp\/v2\/pages\/2683\/revisions\/2684"}],"wp:attachment":[{"href":"https:\/\/www.musiques-en-haut.fr\/index.php?rest_route=%2Fwp%2Fv2%2Fmedia&parent=2683"}],"curies":[{"name":"wp","href":"https:\/\/api.w.org\/{rel}","templated":true}]}}